{"id":1335,"date":"2023-05-05T14:30:47","date_gmt":"2023-05-05T11:30:47","guid":{"rendered":"https:\/\/boho.dev2.sdhost.eu\/olumpiabasseini-voi-jalgpallivaljakuga\/"},"modified":"2023-06-29T13:18:50","modified_gmt":"2023-06-29T10:18:50","slug":"olumpiabasseini-voi-jalgpallivaljakuga","status":"publish","type":"page","link":"https:\/\/bohotravel.ee\/ru\/olumpiabasseini-voi-jalgpallivaljakuga\/","title":{"rendered":"\u0413\u043e\u0441\u0442\u0438\u043d\u0438\u0446\u044b \u0441 \u043e\u043b\u0438\u043c\u043f\u0438\u0439\u0441\u043a\u0438\u043c \u0431\u0430\u0441\u0441\u0435\u0439\u043d\u043e\u043c \u0438\u043b\u0438 \u0441\u0442\u0430\u0434\u0438\u043e\u043d\u043e\u043c"},"content":{"rendered":"\t\t<div data-elementor-type=\"wp-page\" data-elementor-id=\"1335\" class=\"elementor elementor-1335\">\n\t\t\t\t\t\t\t\t\t<section class=\"elementor-section elementor-top-section elementor-element elementor-element-ea7a43c ct-section-stretched elementor-section-boxed elementor-section-height-default elementor-section-height-default\" data-id=\"ea7a43c\" data-element_type=\"section\" data-settings=\"{&quot;background_background&quot;:&quot;classic&quot;,&quot;ekit_has_onepagescroll_dot&quot;:&quot;yes&quot;}\">\n\t\t\t\t\t\t\t<div class=\"elementor-background-overlay\"><\/div>\n\t\t\t\t\t\t\t<div class=\"elementor-container elementor-column-gap-default\">\n\t\t\t\t\t<div class=\"elementor-column elementor-col-100 elementor-top-column elementor-element elementor-element-c6c1a02\" data-id=\"c6c1a02\" data-element_type=\"column\">\n\t\t\t<div class=\"elementor-widget-wrap\">\n\t\t\t\t\t\t\t\t\t<\/div>\n\t\t<\/div>\n\t\t\t\t\t\t\t<\/div>\n\t\t<\/section>\n\t\t\t\t<section class=\"elementor-section elementor-top-section elementor-element elementor-element-9a34853 elementor-section-boxed elementor-section-height-default elementor-section-height-default\" data-id=\"9a34853\" data-element_type=\"section\" data-settings=\"{&quot;ekit_has_onepagescroll_dot&quot;:&quot;yes&quot;}\">\n\t\t\t\t\t\t<div class=\"elementor-container elementor-column-gap-default\">\n\t\t\t\t\t<div class=\"elementor-column elementor-col-100 elementor-top-column elementor-element elementor-element-e914606\" data-id=\"e914606\" data-element_type=\"column\">\n\t\t\t<div class=\"elementor-widget-wrap elementor-element-populated\">\n\t\t\t\t\t\t\t\t<div class=\"elementor-element elementor-element-3e354f5 elementor-widget elementor-widget-heading\" data-id=\"3e354f5\" data-element_type=\"widget\" data-settings=\"{&quot;ekit_we_effect_on&quot;:&quot;none&quot;}\" data-widget_type=\"heading.default\">\n\t\t\t\t<div class=\"elementor-widget-container\">\n\t\t\t<style>\/*! elementor - v3.18.0 - 20-12-2023 *\/\n.elementor-heading-title{padding:0;margin:0;line-height:1}.elementor-widget-heading .elementor-heading-title[class*=elementor-size-]>a{color:inherit;font-size:inherit;line-height:inherit}.elementor-widget-heading .elementor-heading-title.elementor-size-small{font-size:15px}.elementor-widget-heading .elementor-heading-title.elementor-size-medium{font-size:19px}.elementor-widget-heading .elementor-heading-title.elementor-size-large{font-size:29px}.elementor-widget-heading .elementor-heading-title.elementor-size-xl{font-size:39px}.elementor-widget-heading .elementor-heading-title.elementor-size-xxl{font-size:59px}<\/style><h2 class=\"elementor-heading-title elementor-size-default\">\u0413\u043e\u0441\u0442\u0438\u043d\u0438\u0446\u044b \u0441 \u043e\u043b\u0438\u043c\u043f\u0438\u0439\u0441\u043a\u0438\u043c \u0431\u0430\u0441\u0441\u0435\u0439\u043d\u043e\u043c \u0438\u043b\u0438 \u0441\u0442\u0430\u0434\u0438\u043e\u043d\u043e\u043c<\/h2>\t\t<\/div>\n\t\t\t\t<\/div>\n\t\t\t\t\t<\/div>\n\t\t<\/div>\n\t\t\t\t\t\t\t<\/div>\n\t\t<\/section>\n\t\t\t\t<section class=\"elementor-section elementor-top-section elementor-element elementor-element-6c57fac elementor-section-boxed elementor-section-height-default elementor-section-height-default\" data-id=\"6c57fac\" data-element_type=\"section\" data-settings=\"{&quot;ekit_has_onepagescroll_dot&quot;:&quot;yes&quot;}\">\n\t\t\t\t\t\t<div class=\"elementor-container elementor-column-gap-wider\">\n\t\t\t\t\t<div class=\"elementor-column elementor-col-50 elementor-top-column elementor-element elementor-element-333ad6f\" data-id=\"333ad6f\" data-element_type=\"column\" data-settings=\"{&quot;background_background&quot;:&quot;classic&quot;}\">\n\t\t\t<div class=\"elementor-widget-wrap elementor-element-populated\">\n\t\t\t\t\t\t\t\t<div class=\"elementor-element elementor-element-f65f5ac elementor-widget elementor-widget-ucaddon_ue_accordion_menu\" data-id=\"f65f5ac\" data-element_type=\"widget\" data-settings=\"{&quot;ekit_we_effect_on&quot;:&quot;none&quot;}\" data-widget_type=\"ucaddon_ue_accordion_menu.default\">\n\t\t\t\t<div class=\"elementor-widget-container\">\n\t\t\t<!-- start Accordion Menu -->\n\t\t<link id='font-awesome-css' href='https:\/\/bohotravel.ee\/wp-content\/plugins\/unlimited-elements-for-elementor-premium\/assets_libraries\/font-awesome5\/css\/fontawesome-all.min.css' type='text\/css' rel='stylesheet' >\n\t\t<link id='font-awesome-4-shim-css' href='https:\/\/bohotravel.ee\/wp-content\/plugins\/unlimited-elements-for-elementor-premium\/assets_libraries\/font-awesome5\/css\/fontawesome-v4-shims.css' type='text\/css' rel='stylesheet' >\n\n\t\t\t<style type=\"text\/css\">\/* widget: Accordion Menu *\/\n\n#uc_ue_accordion_menu_elementor_f65f5ac *\n{\n  box-sizing:border-box;\n}\n\n#uc_ue_accordion_menu_elementor_f65f5ac .uc-side-menu-wrapper\n{\n  position:relative;\n}\n\n\t\n\t\n#uc_ue_accordion_menu_elementor_f65f5ac .collapsed .uc-menu-item-pointer:after{\n\tcontent: \"\";\n    background-image: url(https:\/\/bohotravel.ee\/wp-content\/uploads\/ac_assets\/ue_accordion_menu\/\/fa_unicode.svg);\n    \n      \n            font-family: \"Font Awesome 5 Free\";\n        content: \"\\f107\" !important;;\n        font-weight: 900;\n        line-height:1em;\n  \t\tbackground-image:none;\n      \n\n    display: inline-block;\n    background-repeat: no-repeat;\n    background-position: center;\n    background-size:contain;\n\n    vertical-align: middle;\n}\n\n#uc_ue_accordion_menu_elementor_f65f5ac .expanded .uc-menu-item-pointer:after{\n    \n  \tcontent:\"\";\n    background-image: url(https:\/\/bohotravel.ee\/wp-content\/uploads\/ac_assets\/ue_accordion_menu\/\/fa_unicode.svg);\n\t\n      \n            font-family: \"Font Awesome 5 Free\";\n        content: \"\\f106\" !important;;\n        font-weight: 900;\n        line-height:1em;\n  \t\tbackground-image:none;\n        \n\n    display: inline-block;\n    background-repeat: no-repeat;\n    background-position: center;\n    background-size:contain;\n    vertical-align: middle;\n}\n\t\n\n\n#uc_ue_accordion_menu_elementor_f65f5ac .uc-side-menu-items\n{\n  position:relative;\n  overflow-x: hidden;\n  transition:1s;\n}\n\n#uc_ue_accordion_menu_elementor_f65f5ac .open_side_menu\n{\n  cursor:pointer;\n  display:flex;\n  align-items:center;\n  justify-content:center;\n  transition:1s;\n}\n\n#uc_ue_accordion_menu_elementor_f65f5ac .uc-side-menu-title\n{\n  text-align:left;\n}\n\n\n#uc_ue_accordion_menu_elementor_f65f5ac .uc-side-menu-items ul\n{\n  padding:0px;\n  margin:0px;\n  list-style:none;\n}\n\n#uc_ue_accordion_menu_elementor_f65f5ac .uc-side-menu-items ul a\n{\n  display:block;\n  text-decoration:none;\n}\n\n\n#uc_ue_accordion_menu_elementor_f65f5ac .sub-menu {\n    overflow: hidden;\n    list-style: none;\n    height: auto;\n    transition: 0.5s;\n    display:none;\n}\n\n.uc-no-transition .sub-menu {\n    transition: none;  \n}\n\n<\/style>\n\n\t\t\t<div id=\"uc_ue_accordion_menu_elementor_f65f5ac\" class=\"side-menu-holder\" data-closeothers=\"no\" data-clickable=\"true\">\n\n  <div class=\"uc-side-menu-items\">\n    <div class=\"uc-header\">\n\n      \n    <\/div>\n\n    <ul id=\"menu-sihtkohad-russian\" class=\"uc-list-menu\"><li id=\"menu-item-1378\" class=\"menu-item menu-item-type-post_type menu-item-object-page menu-item-has-children menu-item-1378\"><a href=\"https:\/\/bohotravel.ee\/ru\/?page_id=1344\">\u0422\u0443\u0440\u0446\u0438\u044f<\/a>\n<ul class=\"sub-menu\">\n\t<li id=\"menu-item-1379\" class=\"menu-item menu-item-type-post_type menu-item-object-page menu-item-1379\"><a href=\"https:\/\/bohotravel.ee\/ru\/peredele\/\">\u0421\u0435\u043c\u0435\u0439\u043d\u044b\u0435 \u0433\u043e\u0441\u0442\u0438\u043d\u0438\u0446\u044b<\/a><\/li>\n\t<li id=\"menu-item-1380\" class=\"menu-item menu-item-type-post_type menu-item-object-page menu-item-1380\"><a href=\"https:\/\/bohotravel.ee\/ru\/ainult-taiskasvanutele\/\">\u0413\u043e\u0441\u0442\u0438\u043d\u0438\u0446\u044b \u0442\u043e\u043b\u044c\u043a\u043e \u0434\u043b\u044f \u0432\u0437\u0440\u043e\u0441\u043b\u044b\u0445<\/a><\/li>\n\t<li id=\"menu-item-1381\" class=\"menu-item menu-item-type-post_type menu-item-object-page menu-item-1381\"><a href=\"https:\/\/bohotravel.ee\/ru\/peo-noortehotellid\/\">\u0422\u0443\u0441\u043e\u0432\u043e\u0447\u043d\u044b\u0435 \u0433\u043e\u0441\u0442\u0438\u043d\u0438\u0446\u044b<\/a><\/li>\n\t<li id=\"menu-item-1382\" class=\"menu-item menu-item-type-post_type menu-item-object-page menu-item-1382\"><a href=\"https:\/\/bohotravel.ee\/ru\/oteli-s-podogrevaemymi-basseynami\/\">\u0413\u043e\u0441\u0442\u0438\u043d\u0438\u0446\u044b \u0441 \u043f\u043e\u0434\u043e\u0433\u0440\u0435\u0432\u0430\u0435\u043c\u044b\u043c \u0431\u0430\u0441\u0441\u0435\u0439\u043d\u043e\u043c<\/a><\/li>\n\t<li id=\"menu-item-1383\" class=\"menu-item menu-item-type-post_type menu-item-object-page menu-item-1383\"><a href=\"https:\/\/bohotravel.ee\/ru\/lemmikloomadega-majutavad-hotellid\/\">\u0413\u043e\u0441\u0442\u0438\u043d\u0438\u0446\u044b \u0434\u043b\u044f \u0433\u043e\u0441\u0442\u0435\u0439 \u0441 \u0434\u043e\u043c\u0430\u0448\u043d\u0438\u043c\u0438 \u043f\u0438\u0442\u043e\u043c\u0446\u0430\u043c\u0438<\/a><\/li>\n\t<li id=\"menu-item-1384\" class=\"menu-item menu-item-type-post_type menu-item-object-page menu-item-1384\"><a href=\"https:\/\/bohotravel.ee\/ru\/puuetega-kulalistele\/\">\u0413\u043e\u0441\u0442\u0438\u043d\u0438\u0446\u044b \u0434\u043b\u044f \u043b\u044e\u0434\u0435\u0439 \u0441 \u043e\u0433\u0440\u0430\u043d\u0438\u0447\u0435\u043d\u043d\u044b\u043c\u0438 \u0432\u043e\u0437\u043c\u043e\u0436\u043d\u043e\u0441\u0442\u044f\u043c\u0438<\/a><\/li>\n\t<li id=\"menu-item-1385\" class=\"menu-item menu-item-type-post_type menu-item-object-page menu-item-1385\"><a href=\"https:\/\/bohotravel.ee\/ru\/olumpiabasseini-voi-jalgpallivaljakuga\/\">\u0413\u043e\u0441\u0442\u0438\u043d\u0438\u0446\u044b \u0441 \u043e\u043b\u0438\u043c\u043f\u0438\u0439\u0441\u043a\u0438\u043c \u0431\u0430\u0441\u0441\u0435\u0439\u043d\u043e\u043c \u0438\u043b\u0438 \u0441\u0442\u0430\u0434\u0438\u043e\u043d\u043e\u043c<\/a><\/li>\n<\/ul>\n<\/li>\n<li id=\"menu-item-1386\" class=\"menu-item menu-item-type-post_type menu-item-object-page menu-item-1386\"><a href=\"https:\/\/bohotravel.ee\/ru\/kreeka\/\">\u0413\u0440\u0435\u0446\u0438\u044f<\/a><\/li>\n<li id=\"menu-item-1387\" class=\"menu-item menu-item-type-post_type menu-item-object-page menu-item-1387\"><a href=\"https:\/\/bohotravel.ee\/ru\/egiptus\/\">\u0415\u0433\u0438\u043f\u0435\u0442<\/a><\/li>\n<\/ul>\n    \n  <\/div>\n\n<\/div>\n\t\t\t<!-- end Accordion Menu -->\t\t<\/div>\n\t\t\t\t<\/div>\n\t\t\t\t\t<\/div>\n\t\t<\/div>\n\t\t\t\t<div class=\"elementor-column elementor-col-50 elementor-top-column elementor-element elementor-element-9b23dc4\" data-id=\"9b23dc4\" data-element_type=\"column\">\n\t\t\t<div class=\"elementor-widget-wrap elementor-element-populated\">\n\t\t\t\t\t\t\t\t<div class=\"elementor-element elementor-element-5212e8a elementor-widget elementor-widget-text-editor\" data-id=\"5212e8a\" data-element_type=\"widget\" data-settings=\"{&quot;ekit_we_effect_on&quot;:&quot;none&quot;}\" data-widget_type=\"text-editor.default\">\n\t\t\t\t<div class=\"elementor-widget-container\">\n\t\t\t<style>\/*! elementor - v3.18.0 - 20-12-2023 *\/\n.elementor-widget-text-editor.elementor-drop-cap-view-stacked .elementor-drop-cap{background-color:#69727d;color:#fff}.elementor-widget-text-editor.elementor-drop-cap-view-framed .elementor-drop-cap{color:#69727d;border:3px solid;background-color:transparent}.elementor-widget-text-editor:not(.elementor-drop-cap-view-default) .elementor-drop-cap{margin-top:8px}.elementor-widget-text-editor:not(.elementor-drop-cap-view-default) .elementor-drop-cap-letter{width:1em;height:1em}.elementor-widget-text-editor .elementor-drop-cap{float:left;text-align:center;line-height:1;font-size:50px}.elementor-widget-text-editor .elementor-drop-cap-letter{display:inline-block}<\/style>\t\t\t\t<table><tbody><tr><td>BELCONTI RESORT HOTEL<\/td><\/tr><tr><td>BELEK SOHO BEACH CLUB<\/td><\/tr><tr><td>BELLIS DELUXE HOTEL<\/td><\/tr><tr><td>BLUE WATERS CLUB<\/td><\/tr><tr><td>CALISTA LUXURY RESORT<\/td><\/tr><tr><td>CLUB HOTEL TURAN PRINCE WORLD<\/td><\/tr><tr><td>CONCORDE DE LUXE RESORT<\/td><\/tr><tr><td>DAIMA BIZ HOTEL<\/td><\/tr><tr><td>GLORIA GOLF RESORT<\/td><\/tr><tr><td>GLORIA SERENITY RESORT<\/td><\/tr><tr><td>GLORIA VERDE RESORT<\/td><\/tr><tr><td>IC HOTELS SANTAI FAMILY RESORT<\/td><\/tr><tr><td>JUSTINIANO CLUB PARK CONTI<\/td><\/tr><tr><td>KAMELYA AISHEN K CLUB<\/td><\/tr><tr><td>KAMELYA FULYA HOTEL<\/td><\/tr><tr><td>KAMELYA SELIN HOTEL<\/td><\/tr><tr><td>KAYA BELEK<\/td><\/tr><tr><td>KAYA PALAZZO GOLF RESORT<\/td><\/tr><tr><td>KIRMAN BELAZUR RESORT &amp; SPA<\/td><\/tr><tr><td>LADONIA HOTELS ADAKULE<\/td><\/tr><tr><td>LIMAK ARCADIA SPORT RESORT<\/td><\/tr><tr><td>LIMAK ATLANTIS DELUXE HOTEL&amp;RESORT<\/td><\/tr><tr><td>LIMAK LIMRA HOTEL &amp; RESORT<\/td><\/tr><tr><td>MAXX ROYAL BELEK GOLF RESORT<\/td><\/tr><tr><td>MIRACLE RESORT HOTEL<\/td><\/tr><tr><td>NIRVANA COSMOPOLITAN<\/td><\/tr><tr><td>NIRVANA DOLCE VITA<\/td><\/tr><tr><td>OZ HOTELS INCEKUM BEACH HOTEL<\/td><\/tr><tr><td>PAPILLON BELVIL HOTEL<\/td><\/tr><tr><td>PAPILLON ZEUGMA RELAXURY<\/td><\/tr><tr><td>PEMAR BEACH RESORT<\/td><\/tr><tr><td>PIRATES BEACH CLUB<\/td><\/tr><tr><td>RIXOS PREMIUM BELEK<\/td><\/tr><tr><td>RIXOS SUNGATE<\/td><\/tr><tr><td>ROX ROYAL HOTEL<\/td><\/tr><tr><td>SEADEN SEA WORLD HOTEL RESORT &amp; SPA<\/td><\/tr><tr><td>SHERWOOD EXCLUSIVE KEMER<\/td><\/tr><tr><td>SHERWOOD EXCLUSIVE LARA<\/td><\/tr><tr><td>SIRENE BELEK HOTEL<\/td><\/tr><tr><td>SPICE HOTEL &amp; SPA<\/td><\/tr><tr><td>STARLIGHT RESORT HOTEL<\/td><\/tr><tr><td>SUENO HOTELS BEACH SIDE<\/td><\/tr><tr><td>SUENO HOTELS DELUXE BELEK<\/td><\/tr><tr><td>SUENO HOTELS GOLF BELEK<\/td><\/tr><tr><td>SURAL HOTEL<\/td><\/tr><tr><td>SURAL RESORT HOTEL<\/td><\/tr><tr><td>SURAL SARAY HOTEL<\/td><\/tr><tr><td>SUSESI LUXURY RESORT<\/td><\/tr><tr><td>VIKING PARK HOTEL<\/td><\/tr><tr><td>VOYAGE BELEK GOLF &amp; SPA<\/td><\/tr><tr><td>VOYAGE SORGUN<\/td><\/tr><tr><td>XANADU ISLAND HOTEL<\/td><\/tr><\/tbody><\/table>\t\t\t\t\t\t<\/div>\n\t\t\t\t<\/div>\n\t\t\t\t\t<\/div>\n\t\t<\/div>\n\t\t\t\t\t\t\t<\/div>\n\t\t<\/section>\n\t\t\t\t<section class=\"elementor-section elementor-top-section elementor-element elementor-element-d2bedc1 elementor-section-boxed elementor-section-height-default elementor-section-height-default\" data-id=\"d2bedc1\" data-element_type=\"section\" data-settings=\"{&quot;ekit_has_onepagescroll_dot&quot;:&quot;yes&quot;}\">\n\t\t\t\t\t\t<div class=\"elementor-container elementor-column-gap-default\">\n\t\t\t\t\t<div class=\"elementor-column elementor-col-100 elementor-top-column elementor-element elementor-element-a2814df\" data-id=\"a2814df\" data-element_type=\"column\">\n\t\t\t<div class=\"elementor-widget-wrap elementor-element-populated\">\n\t\t\t\t\t\t\t\t<div class=\"elementor-element elementor-element-dddf0b5 elementor-widget elementor-widget-spacer\" data-id=\"dddf0b5\" data-element_type=\"widget\" data-settings=\"{&quot;ekit_we_effect_on&quot;:&quot;none&quot;}\" data-widget_type=\"spacer.default\">\n\t\t\t\t<div class=\"elementor-widget-container\">\n\t\t\t<style>\/*! elementor - v3.18.0 - 20-12-2023 *\/\n.elementor-column .elementor-spacer-inner{height:var(--spacer-size)}.e-con{--container-widget-width:100%}.e-con-inner>.elementor-widget-spacer,.e-con>.elementor-widget-spacer{width:var(--container-widget-width,var(--spacer-size));--align-self:var(--container-widget-align-self,initial);--flex-shrink:0}.e-con-inner>.elementor-widget-spacer>.elementor-widget-container,.e-con>.elementor-widget-spacer>.elementor-widget-container{height:100%;width:100%}.e-con-inner>.elementor-widget-spacer>.elementor-widget-container>.elementor-spacer,.e-con>.elementor-widget-spacer>.elementor-widget-container>.elementor-spacer{height:100%}.e-con-inner>.elementor-widget-spacer>.elementor-widget-container>.elementor-spacer>.elementor-spacer-inner,.e-con>.elementor-widget-spacer>.elementor-widget-container>.elementor-spacer>.elementor-spacer-inner{height:var(--container-widget-height,var(--spacer-size))}.e-con-inner>.elementor-widget-spacer.elementor-widget-empty,.e-con>.elementor-widget-spacer.elementor-widget-empty{position:relative;min-height:22px;min-width:22px}.e-con-inner>.elementor-widget-spacer.elementor-widget-empty .elementor-widget-empty-icon,.e-con>.elementor-widget-spacer.elementor-widget-empty .elementor-widget-empty-icon{position:absolute;top:0;bottom:0;left:0;right:0;margin:auto;padding:0;width:22px;height:22px}<\/style>\t\t<div class=\"elementor-spacer\">\n\t\t\t<div class=\"elementor-spacer-inner\"><\/div>\n\t\t<\/div>\n\t\t\t\t<\/div>\n\t\t\t\t<\/div>\n\t\t\t\t\t<\/div>\n\t\t<\/div>\n\t\t\t\t\t\t\t<\/div>\n\t\t<\/section>\n\t\t\t\t\t\t\t<\/div>\n\t\t","protected":false},"excerpt":{"rendered":"<p>T\u00fcrgi Perehotellid Ainult t\u00e4iskasvanutele Party Hotels Soojendusega basseinid Lemmikloomas\u00f5bralikud hotellid Erivajadustega inimestele Ol\u00fcmpia suurusega bassein v\u00f5i jalgpalliv\u00e4ljak Kreeka Egiptus BELCONTI RESORT HOTEL BELEK SOHO BEACH CLUB BELLIS DELUXE HOTEL BLUE WATERS CLUB CALISTA LUXURY RESORT CLUB HOTEL TURAN PRINCE WORLD CONCORDE DE LUXE RESORT DAIMA BIZ HOTEL GLORIA GOLF RESORT GLORIA SERENITY RESORT GLORIA VERDE RESORT IC HOTELS SANTAI FAMILY RESORT JUSTINIANO CLUB PARK CONTI KAMELYA AISHEN K CLUB KAMELYA FULYA HOTEL KAMELYA SELIN HOTEL KAYA BELEK KAYA PALAZZO GOLF RESORT KIRMAN BELAZUR RESORT &amp; SPA LADONIA HOTELS ADAKULE LIMAK ARCADIA SPORT RESORT LIMAK ATLANTIS DELUXE HOTEL&amp;RESORT LIMAK LIMRA HOTEL\u2026<\/p>\n","protected":false},"author":1,"featured_media":0,"parent":0,"menu_order":0,"comment_status":"closed","ping_status":"closed","template":"","meta":{"footnotes":""},"blocksy_meta":{"page_title_panel":"","has_hero_section":"disabled","8dde94b88eca81613eaf41e6e63df8f3":"","hero_section":"type-1","hero_elements":[{"id":"custom_title","enabled":true},{"id":"breadcrumbs","enabled":false},{"id":"custom_description","enabled":true,"description_visibility":{"desktop":true,"tablet":true,"mobile":false}},{"id":"custom_meta","enabled":true,"single_meta_elements":{"author":false,"date":false,"categories":false,"comments":false,"updated":false,"tags":false},"page_meta_elements":{"joined":true,"articles_count":true,"comments":true}}],"b57ca4d32122654dfac08b0b6ccf6716":"","hero_alignment1":"left","hero_alignment2":"center","hero_height":"230px","page_title_bg_type":"color","custom_hero_background":{"attachment_id":null},"parallax":{"desktop":false,"tablet":false,"mobile":false},"pageTitleFont":{"family":"Default","variation":"Default","size":{"desktop":"32px","tablet":"30px","mobile":"25px"},"line-height":"1.3","letter-spacing":"CT_CSS_SKIP_RULE","text-transform":"CT_CSS_SKIP_RULE","text-decoration":"CT_CSS_SKIP_RULE"},"pageTitleFontColor":{"default":{"color":"CT_CSS_SKIP_RULEDEFAULT"}},"pageMetaFont":{"family":"Default","variation":"n6","size":{"desktop":"12px","tablet":"12px","mobile":"12px"},"line-height":"1.3","letter-spacing":"CT_CSS_SKIP_RULE","text-transform":"uppercase","text-decoration":"CT_CSS_SKIP_RULE"},"pageMetaFontColor":{"default":{"color":"CT_CSS_SKIP_RULEDEFAULT"},"hover":{"color":"CT_CSS_SKIP_RULEDEFAULT"}},"pageExcerptFont":{"family":"Default","variation":"n5","size":"CT_CSS_SKIP_RULE","line-height":"CT_CSS_SKIP_RULE","letter-spacing":"CT_CSS_SKIP_RULE","text-transform":"CT_CSS_SKIP_RULE","text-decoration":"CT_CSS_SKIP_RULE"},"pageExcerptColor":{"default":{"color":"CT_CSS_SKIP_RULEDEFAULT"}},"breadcrumbsFont":{"family":"Default","variation":"n6","size":"12px","line-height":"CT_CSS_SKIP_RULE","letter-spacing":"CT_CSS_SKIP_RULE","text-transform":"uppercase","text-decoration":"CT_CSS_SKIP_RULE"},"breadcrumbsFontColor":{"default":{"color":"CT_CSS_SKIP_RULEDEFAULT"},"initial":{"color":"CT_CSS_SKIP_RULEDEFAULT"},"hover":{"color":"CT_CSS_SKIP_RULEDEFAULT"}},"pageTitleOverlay":{"default":{"color":"rgba(41, 51, 60, 0.2)"}},"pageTitleBackground":{"background_type":"color","background_pattern":"type-1","background_image":{"attachment_id":null,"x":0,"y":0},"background_repeat":"no-repeat","background_size":"auto","background_attachment":"scroll","patternColor":{"default":{"color":"#e5e7ea"}},"backgroundColor":{"default":{"color":"#EDEFF2"}}},"30bd3d82d44c93ff512d385983934a8d":"","page_structure_type":"default","page_enable_vertical_spacing":"no","918019aae6b81bb57706ceeb2d06236b":"","disable_featured_image":"no","73fc40c930f9a5400d833b8700298f2f":"","d36a9c10c230eaf6c86b3a0408a49909":"","hero_structure":"narrow","9858ffa93290afa8ac31a0a3802db0eb":"","content_style":"inherit","vertical_spacing_source":"custom","content_area_spacing":"none","background":{"background_type":"color","background_pattern":"type-1","background_image":{"attachment_id":null,"x":0,"y":0},"background_repeat":"no-repeat","background_size":"auto","background_attachment":"scroll","patternColor":{"default":{"color":"#e5e7ea"}},"backgroundColor":{"default":{"color":"CT_CSS_SKIP_RULE"}}},"content_background":{"background_type":"color","background_pattern":"type-1","background_image":{"attachment_id":null,"x":0,"y":0},"background_repeat":"no-repeat","background_size":"auto","background_attachment":"scroll","patternColor":{"default":{"color":"#e5e7ea"}},"backgroundColor":{"default":{"color":"#ffffff"}}},"content_boxed_spacing":{"desktop":"40px","tablet":"35px","mobile":"20px"},"content_boxed_radius":{"top":"3px","bottom":"3px","left":"3px","right":"3px","linked":true},"content_boxed_shadow":{"blur":18,"spread":-6,"v_offset":12,"h_offset":0,"inset":false,"enable":true,"color":{"color":"rgba(34, 56, 101, 0.04)"}},"c7e3411feaaade2bd72c8d8c1b2029c1":"","styles_descriptor":{"styles":{"desktop":"","tablet":"","mobile":""},"google_fonts":[],"version":5}},"_links":{"self":[{"href":"https:\/\/bohotravel.ee\/ru\/wp-json\/wp\/v2\/pages\/1335"}],"collection":[{"href":"https:\/\/bohotravel.ee\/ru\/wp-json\/wp\/v2\/pages"}],"about":[{"href":"https:\/\/bohotravel.ee\/ru\/wp-json\/wp\/v2\/types\/page"}],"author":[{"embeddable":true,"href":"https:\/\/bohotravel.ee\/ru\/wp-json\/wp\/v2\/users\/1"}],"replies":[{"embeddable":true,"href":"https:\/\/bohotravel.ee\/ru\/wp-json\/wp\/v2\/comments?post=1335"}],"version-history":[{"count":5,"href":"https:\/\/bohotravel.ee\/ru\/wp-json\/wp\/v2\/pages\/1335\/revisions"}],"predecessor-version":[{"id":3327,"href":"https:\/\/bohotravel.ee\/ru\/wp-json\/wp\/v2\/pages\/1335\/revisions\/3327"}],"wp:attachment":[{"href":"https:\/\/bohotravel.ee\/ru\/wp-json\/wp\/v2\/media?parent=1335"}],"curies":[{"name":"wp","href":"https:\/\/api.w.org\/{rel}","templated":true}]}}